{"id":7833,"date":"2023-07-26T07:52:04","date_gmt":"2023-07-26T05:52:04","guid":{"rendered":"https:\/\/www.buzon-home.com\/installation\/"},"modified":"2024-05-31T11:32:28","modified_gmt":"2024-05-31T09:32:28","slug":"installation","status":"publish","type":"page","link":"https:\/\/www.buzon-home.com\/fr\/installation\/","title":{"rendered":"Installation"},"content":{"rendered":"<section class=\"l-section wpb_row height_large\"><div class=\"l-section-h i-cf\"><div class=\"g-cols vc_row via_flex valign_top type_default stacking_default\"><div class=\"vc_col-sm-7 wpb_column vc_column_container\"><div class=\"vc_column-inner\"><div class=\"wpb_wrapper\"><div class=\"wpb_text_column\"><div class=\"wpb_wrapper\"><h1>Installation de plots<\/h1>\n<\/div><\/div><div class=\"w-separator size_small\"><\/div><div class=\"wpb_text_column\"><div class=\"wpb_wrapper\"><p>Avec une fiert\u00e9 et une confiance in\u00e9branlables en ses plots r\u00e9glables, BUZON\u00ae s&rsquo;engage \u00e0 vous expliquer en d\u00e9tail leur utilisation et \u00e0 vous d\u00e9voiler les subtilit\u00e9s qui rendent leur installation plus facile.<\/p>\n<\/div><\/div><\/div><\/div><\/div><div class=\"vc_col-sm-5 wpb_column vc_column_container\"><div class=\"vc_column-inner\"><div class=\"wpb_wrapper\"><\/div><\/div><\/div><\/div><\/div><\/section><section class=\"l-section wpb_row height_auto\"><div class=\"l-section-h i-cf\"><div class=\"g-cols vc_row via_flex valign_top type_default stacking_default\"><div class=\"vc_col-sm-12 wpb_column vc_column_container\"><div class=\"vc_column-inner\"><div class=\"wpb_wrapper\"><div class=\"wpb_text_column\"><div class=\"wpb_wrapper\"><h3>D\u00e9marrer une terrasse en dalles sur plots<\/h3>\n<\/div><\/div><div class=\"w-separator size_medium\"><\/div><\/div><\/div><\/div><div class=\"vc_col-sm-7 wpb_column vc_column_container\"><div class=\"vc_column-inner\"><div class=\"wpb_wrapper\"><div class=\"w-video align_none ratio_16x9 has_iframe\"><div class=\"w-video-h\"><iframe title=\"Youtube video player\" src=\"\/\/www.youtube.com\/embed\/imeDoMf7TSY?autoplay=0&controls=1&origin=https:\/\/www.buzon-home.com\/fr\/&loop=0&mute=0\" allowfullscreen=\"1\" loading=\"lazy\"><\/iframe><\/div><\/div><\/div><\/div><\/div><div class=\"vc_col-sm-5 wpb_column vc_column_container paddingvideotext\"><div class=\"vc_column-inner\"><div class=\"wpb_wrapper\"><div class=\"wpb_text_column\"><div class=\"wpb_wrapper\"><p>Cette vid\u00e9o vous montre la r\u00e9alisation de deux terrasses avec des dalles de format carr\u00e9. D\u00e9couvrez aussi comment utiliser certains accessoires.<\/p>\n<\/div><\/div><div class=\"w-separator size_small\"><\/div><div class=\"w-btn-wrapper align_none\"><a class=\"w-btn us-btn-style_1 icon_atleft\" href=\"http:\/\/www.buzon-home.com\/wp-content\/uploads\/2023\/10\/Guide-dinstallation-Pose-terrasse-en-dalles-sur-plots-Buzon.pdf\"><i class=\"fas fa-file-pdf\"><\/i><span class=\"w-btn-label\">Instructions en pdf<\/span><\/a><\/div><\/div><\/div><\/div><\/div><\/div><\/section><section class=\"l-section wpb_row height_medium\"><div class=\"l-section-h i-cf\"><div class=\"g-cols vc_row via_flex valign_top type_default stacking_default\"><div class=\"vc_col-sm-12 wpb_column vc_column_container\"><div class=\"vc_column-inner\"><div class=\"wpb_wrapper\"><div class=\"wpb_text_column\"><div class=\"wpb_wrapper\"><h3>D\u00e9marrer une terrasse en dalles sur lambourdes<\/h3>\n<\/div><\/div><div class=\"w-separator size_medium\"><\/div><\/div><\/div><\/div><div class=\"vc_col-sm-7 wpb_column vc_column_container\"><div class=\"vc_column-inner\"><div class=\"wpb_wrapper\"><div class=\"w-video align_none ratio_16x9 has_iframe\"><div class=\"w-video-h\"><iframe title=\"Youtube video player\" src=\"\/\/www.youtube.com\/embed\/UDR3-sRZO3Y?autoplay=0&controls=1&origin=https:\/\/www.buzon-home.com\/fr\/&loop=0&mute=0\" allowfullscreen=\"1\" loading=\"lazy\"><\/iframe><\/div><\/div><\/div><\/div><\/div><div class=\"vc_col-sm-5 wpb_column vc_column_container paddingvideotext\"><div class=\"vc_column-inner\"><div class=\"wpb_wrapper\"><div class=\"wpb_text_column\"><div class=\"wpb_wrapper\"><p>Cette vid\u00e9o vous montre la r\u00e9alisation d\u2019une terrasse en dalles avec lambourdes sur plots. D\u00e9couvrez aussi comment utiliser certains accessoires.<\/p>\n<\/div><\/div><div class=\"w-separator size_small\"><\/div><div class=\"w-btn-wrapper align_none\"><a class=\"w-btn us-btn-style_1 icon_atleft\" href=\"http:\/\/www.buzon-home.com\/wp-content\/uploads\/2023\/10\/Guide-dinstallation-Pose-terrasse-sur-lambourdes-sur-plots-Buzon.pdf\"><i class=\"fas fa-file-pdf\"><\/i><span class=\"w-btn-label\">Instructions en pdf<\/span><\/a><\/div><\/div><\/div><\/div><\/div><\/div><\/section><section class=\"l-section wpb_row height_medium\"><div class=\"l-section-h i-cf\"><div class=\"g-cols vc_row via_flex valign_top type_default stacking_default\"><div class=\"vc_col-sm-12 wpb_column vc_column_container\"><div class=\"vc_column-inner\"><div class=\"wpb_wrapper\"><div class=\"wpb_text_column\"><div class=\"wpb_wrapper\"><h3>D\u00e9marrer une terrasse en bois ou composite<\/h3>\n<\/div><\/div><div class=\"w-separator size_medium\"><\/div><\/div><\/div><\/div><div class=\"vc_col-sm-7 wpb_column vc_column_container\"><div class=\"vc_column-inner\"><div class=\"wpb_wrapper\"><div class=\"w-video align_none ratio_16x9 has_iframe\"><div class=\"w-video-h\"><iframe title=\"Youtube video player\" src=\"\/\/www.youtube.com\/embed\/J1Gb7T4XBWk?autoplay=0&controls=1&origin=https:\/\/www.buzon-home.com\/fr\/&loop=0&mute=0\" allowfullscreen=\"1\" loading=\"lazy\"><\/iframe><\/div><\/div><\/div><\/div><\/div><div class=\"vc_col-sm-5 wpb_column vc_column_container paddingvideotext\"><div class=\"vc_column-inner\"><div class=\"wpb_wrapper\"><div class=\"wpb_text_column\"><div class=\"wpb_wrapper\"><p>Cette vid\u00e9o vous montre la r\u00e9alisation d\u2019une terrasse en bois ou composite sur lambourdes. D\u00e9couvrez aussi comment utiliser certains accessoires.<\/p>\n<\/div><\/div><div class=\"w-separator size_small\"><\/div><div class=\"w-btn-wrapper align_none\"><a class=\"w-btn us-btn-style_1 icon_atleft\" href=\"http:\/\/www.buzon-home.com\/wp-content\/uploads\/2023\/10\/Guide-dinstallation-Pose-terrasse-en-lames-de-bois-sur-plots-Buzon.pdf\"><i class=\"fas fa-file-pdf\"><\/i><span class=\"w-btn-label\">Instructions en pdf<\/span><\/a><\/div><\/div><\/div><\/div><\/div><\/div><\/section><section class=\"l-section wpb_row height_auto\"><div class=\"l-section-h i-cf\"><div class=\"g-cols vc_row via_flex valign_top type_default stacking_default\"><div class=\"vc_col-sm-12 wpb_column vc_column_container\"><div class=\"vc_column-inner\"><div class=\"wpb_wrapper\"><div class=\"wpb_text_column shortline\"><div class=\"wpb_wrapper\"><h3>Nos autres videos<\/h3>\n<\/div><\/div><div class=\"w-separator size_medium\"><\/div><div class=\"g-cols wpb_row via_flex valign_top type_default stacking_default\"><div class=\"vc_col-sm-6 wpb_column vc_column_container\"><div class=\"vc_column-inner\"><div class=\"wpb_wrapper\"><div class=\"w-video align_none ratio_16x9 has_iframe\"><div class=\"w-video-h\"><iframe title=\"Youtube video player\" src=\"\/\/www.youtube.com\/embed\/dpGrTB_w7JU?autoplay=0&controls=1&origin=https:\/\/www.buzon-home.com\/fr\/&loop=0&mute=0\" allowfullscreen=\"1\" loading=\"lazy\"><\/iframe><\/div><\/div><\/div><\/div><\/div><div class=\"vc_col-sm-6 wpb_column vc_column_container\"><div class=\"vc_column-inner\"><div class=\"wpb_wrapper\"><div class=\"w-video align_none ratio_16x9 has_iframe\"><div class=\"w-video-h\"><iframe title=\"Youtube video player\" src=\"\/\/www.youtube.com\/embed\/rv9iaUvKdSA?autoplay=0&controls=1&origin=https:\/\/www.buzon-home.com\/fr\/&loop=0&mute=0\" allowfullscreen=\"1\" loading=\"lazy\"><\/iframe><\/div><\/div><\/div><\/div><\/div><\/div><div class=\"w-separator size_medium\"><\/div><div class=\"g-cols wpb_row via_flex valign_top type_default stacking_default\"><div class=\"vc_col-sm-6 wpb_column vc_column_container\"><div class=\"vc_column-inner\"><div class=\"wpb_wrapper\"><div class=\"w-video align_none ratio_16x9 has_iframe\"><div class=\"w-video-h\"><iframe title=\"Youtube video player\" src=\"\/\/www.youtube.com\/embed\/6BRwp1in9wM?autoplay=0&controls=1&origin=https:\/\/www.buzon-home.com\/fr\/&loop=0&mute=0\" allowfullscreen=\"1\" loading=\"lazy\"><\/iframe><\/div><\/div><\/div><\/div><\/div><div class=\"vc_col-sm-6 wpb_column vc_column_container\"><div class=\"vc_column-inner\"><div class=\"wpb_wrapper\"><div class=\"w-video align_none ratio_16x9 has_iframe\"><div class=\"w-video-h\"><iframe title=\"Youtube video player\" src=\"\/\/www.youtube.com\/embed\/TAmBTa5YSUg?autoplay=0&controls=1&origin=https:\/\/www.buzon-home.com\/fr\/&loop=0&mute=0\" allowfullscreen=\"1\" loading=\"lazy\"><\/iframe><\/div><\/div><\/div><\/div><\/div><\/div><div class=\"w-separator size_medium\"><\/div><div class=\"g-cols wpb_row via_flex valign_top type_default stacking_default\"><div class=\"vc_col-sm-6 wpb_column vc_column_container\"><div class=\"vc_column-inner\"><div class=\"wpb_wrapper\"><div class=\"w-video align_none ratio_16x9 has_iframe\"><div class=\"w-video-h\"><iframe title=\"Youtube video player\" src=\"\/\/www.youtube.com\/embed\/MB3BpELsPPE?autoplay=0&controls=1&origin=https:\/\/www.buzon-home.com\/fr\/&loop=0&mute=0\" allowfullscreen=\"1\" loading=\"lazy\"><\/iframe><\/div><\/div><\/div><\/div><\/div><div class=\"vc_col-sm-6 wpb_column vc_column_container\"><div class=\"vc_column-inner\"><div class=\"wpb_wrapper\"><div class=\"w-video align_none ratio_16x9 has_iframe\"><div class=\"w-video-h\"><iframe title=\"Youtube video player\" src=\"\/\/www.youtube.com\/embed\/X4_Azofytvw?autoplay=0&controls=1&origin=https:\/\/www.buzon-home.com\/fr\/&loop=0&mute=0\" allowfullscreen=\"1\" loading=\"lazy\"><\/iframe><\/div><\/div><\/div><\/div><\/div><\/div><\/div><\/div><\/div><\/div><\/div><\/section><section class=\"l-section wpb_row height_medium\"><div class=\"l-section-h i-cf\"><div class=\"g-cols vc_row via_flex valign_top type_default stacking_default\"><div class=\"vc_col-sm-12 wpb_column vc_column_container\"><div class=\"vc_column-inner\"><div class=\"wpb_wrapper\"><\/div><\/div><\/div><\/div><\/div><\/section>\n","protected":false},"excerpt":{"rendered":"Installation de plots Avec une fiert\u00e9 et une confiance in\u00e9branlables en ses plots r\u00e9glables, BUZON\u00ae s&rsquo;engage \u00e0 vous expliquer en d\u00e9tail leur utilisation et \u00e0 vous d\u00e9voiler les subtilit\u00e9s qui rendent leur installation plus facile. D\u00e9marrer une terrasse en dalles sur plots Cette vid\u00e9o vous montre la r\u00e9alisation de deux terrasses avec des dalles de...","protected":false},"author":1,"featured_media":0,"parent":0,"menu_order":0,"comment_status":"closed","ping_status":"closed","template":"","meta":{"_acf_changed":false,"footnotes":""},"class_list":["post-7833","page","type-page","status-publish","hentry"],"acf":[],"yoast_head":"<!-- This site is optimized with the Yoast SEO plugin v26.6 - https:\/\/yoast.com\/wordpress\/plugins\/seo\/ -->\n<title>Comment installer nos plots ? | Buzon Home France<\/title>\n<meta name=\"description\" content=\"Buzon\u00ae s&#039;engage \u00e0 expliquer en d\u00e9tail l&#039;utilisation de ses plots r\u00e9glables et \u00e0 r\u00e9v\u00e9ler les subtilit\u00e9s qui facilitent leur installation.\" \/>\n<meta name=\"robots\" content=\"index, follow, max-snippet:-1, max-image-preview:large, max-video-preview:-1\" \/>\n<link rel=\"canonical\" href=\"https:\/\/www.buzon-home.com\/fr\/installation\/\" \/>\n<meta property=\"og:locale\" content=\"fr_FR\" \/>\n<meta property=\"og:type\" content=\"article\" \/>\n<meta property=\"og:title\" content=\"Comment installer nos plots ? | Buzon Home France\" \/>\n<meta property=\"og:description\" content=\"Buzon\u00ae s&#039;engage \u00e0 expliquer en d\u00e9tail l&#039;utilisation de ses plots r\u00e9glables et \u00e0 r\u00e9v\u00e9ler les subtilit\u00e9s qui facilitent leur installation.\" \/>\n<meta property=\"og:url\" content=\"https:\/\/www.buzon-home.com\/fr\/installation\/\" \/>\n<meta property=\"og:site_name\" content=\"BUZON PEDESTAL INTERNATIONAL SA\" \/>\n<meta property=\"article:publisher\" content=\"https:\/\/www.facebook.com\/profile.php?id=61555939209111\" \/>\n<meta property=\"article:modified_time\" content=\"2024-05-31T09:32:28+00:00\" \/>\n<meta name=\"twitter:card\" content=\"summary_large_image\" \/>\n<meta name=\"twitter:label1\" content=\"Dur\u00e9e de lecture estim\u00e9e\" \/>\n\t<meta name=\"twitter:data1\" content=\"1 minute\" \/>\n<script type=\"application\/ld+json\" class=\"yoast-schema-graph\">{\"@context\":\"https:\/\/schema.org\",\"@graph\":[{\"@type\":\"WebPage\",\"@id\":\"https:\/\/www.buzon-home.com\/fr\/installation\/\",\"url\":\"https:\/\/www.buzon-home.com\/fr\/installation\/\",\"name\":\"Comment installer nos plots ? | Buzon Home France\",\"isPartOf\":{\"@id\":\"https:\/\/www.buzon-home.com\/fr\/#website\"},\"datePublished\":\"2023-07-26T05:52:04+00:00\",\"dateModified\":\"2024-05-31T09:32:28+00:00\",\"description\":\"Buzon\u00ae s'engage \u00e0 expliquer en d\u00e9tail l'utilisation de ses plots r\u00e9glables et \u00e0 r\u00e9v\u00e9ler les subtilit\u00e9s qui facilitent leur installation.\",\"breadcrumb\":{\"@id\":\"https:\/\/www.buzon-home.com\/fr\/installation\/#breadcrumb\"},\"inLanguage\":\"fr-FR\",\"potentialAction\":[{\"@type\":\"ReadAction\",\"target\":[\"https:\/\/www.buzon-home.com\/fr\/installation\/\"]}]},{\"@type\":\"BreadcrumbList\",\"@id\":\"https:\/\/www.buzon-home.com\/fr\/installation\/#breadcrumb\",\"itemListElement\":[{\"@type\":\"ListItem\",\"position\":1,\"name\":\"Home\",\"item\":\"https:\/\/www.buzon-home.com\/fr\/\"},{\"@type\":\"ListItem\",\"position\":2,\"name\":\"Installation\"}]},{\"@type\":\"WebSite\",\"@id\":\"https:\/\/www.buzon-home.com\/fr\/#website\",\"url\":\"https:\/\/www.buzon-home.com\/fr\/\",\"name\":\"Buzon Home\",\"description\":\"\",\"publisher\":{\"@id\":\"https:\/\/www.buzon-home.com\/fr\/#organization\"},\"potentialAction\":[{\"@type\":\"SearchAction\",\"target\":{\"@type\":\"EntryPoint\",\"urlTemplate\":\"https:\/\/www.buzon-home.com\/fr\/?s={search_term_string}\"},\"query-input\":{\"@type\":\"PropertyValueSpecification\",\"valueRequired\":true,\"valueName\":\"search_term_string\"}}],\"inLanguage\":\"fr-FR\"},{\"@type\":\"Organization\",\"@id\":\"https:\/\/www.buzon-home.com\/fr\/#organization\",\"name\":\"Buzon Home\",\"url\":\"https:\/\/www.buzon-home.com\/fr\/\",\"logo\":{\"@type\":\"ImageObject\",\"inLanguage\":\"fr-FR\",\"@id\":\"https:\/\/www.buzon-home.com\/fr\/#\/schema\/logo\/image\/\",\"url\":\"https:\/\/www.buzon-home.com\/wp-content\/uploads\/2023\/11\/logo_email.png\",\"contentUrl\":\"https:\/\/www.buzon-home.com\/wp-content\/uploads\/2023\/11\/logo_email.png\",\"width\":246,\"height\":216,\"caption\":\"Buzon Home\"},\"image\":{\"@id\":\"https:\/\/www.buzon-home.com\/fr\/#\/schema\/logo\/image\/\"},\"sameAs\":[\"https:\/\/www.facebook.com\/profile.php?id=61555939209111\"]}]}<\/script>\n<!-- \/ Yoast SEO plugin. -->","yoast_head_json":{"title":"Comment installer nos plots ? | Buzon Home France","description":"Buzon\u00ae s'engage \u00e0 expliquer en d\u00e9tail l'utilisation de ses plots r\u00e9glables et \u00e0 r\u00e9v\u00e9ler les subtilit\u00e9s qui facilitent leur installation.","robots":{"index":"index","follow":"follow","max-snippet":"max-snippet:-1","max-image-preview":"max-image-preview:large","max-video-preview":"max-video-preview:-1"},"canonical":"https:\/\/www.buzon-home.com\/fr\/installation\/","og_locale":"fr_FR","og_type":"article","og_title":"Comment installer nos plots ? | Buzon Home France","og_description":"Buzon\u00ae s'engage \u00e0 expliquer en d\u00e9tail l'utilisation de ses plots r\u00e9glables et \u00e0 r\u00e9v\u00e9ler les subtilit\u00e9s qui facilitent leur installation.","og_url":"https:\/\/www.buzon-home.com\/fr\/installation\/","og_site_name":"BUZON PEDESTAL INTERNATIONAL SA","article_publisher":"https:\/\/www.facebook.com\/profile.php?id=61555939209111","article_modified_time":"2024-05-31T09:32:28+00:00","twitter_card":"summary_large_image","twitter_misc":{"Dur\u00e9e de lecture estim\u00e9e":"1 minute"},"schema":{"@context":"https:\/\/schema.org","@graph":[{"@type":"WebPage","@id":"https:\/\/www.buzon-home.com\/fr\/installation\/","url":"https:\/\/www.buzon-home.com\/fr\/installation\/","name":"Comment installer nos plots ? | Buzon Home France","isPartOf":{"@id":"https:\/\/www.buzon-home.com\/fr\/#website"},"datePublished":"2023-07-26T05:52:04+00:00","dateModified":"2024-05-31T09:32:28+00:00","description":"Buzon\u00ae s'engage \u00e0 expliquer en d\u00e9tail l'utilisation de ses plots r\u00e9glables et \u00e0 r\u00e9v\u00e9ler les subtilit\u00e9s qui facilitent leur installation.","breadcrumb":{"@id":"https:\/\/www.buzon-home.com\/fr\/installation\/#breadcrumb"},"inLanguage":"fr-FR","potentialAction":[{"@type":"ReadAction","target":["https:\/\/www.buzon-home.com\/fr\/installation\/"]}]},{"@type":"BreadcrumbList","@id":"https:\/\/www.buzon-home.com\/fr\/installation\/#breadcrumb","itemListElement":[{"@type":"ListItem","position":1,"name":"Home","item":"https:\/\/www.buzon-home.com\/fr\/"},{"@type":"ListItem","position":2,"name":"Installation"}]},{"@type":"WebSite","@id":"https:\/\/www.buzon-home.com\/fr\/#website","url":"https:\/\/www.buzon-home.com\/fr\/","name":"Buzon Home","description":"","publisher":{"@id":"https:\/\/www.buzon-home.com\/fr\/#organization"},"potentialAction":[{"@type":"SearchAction","target":{"@type":"EntryPoint","urlTemplate":"https:\/\/www.buzon-home.com\/fr\/?s={search_term_string}"},"query-input":{"@type":"PropertyValueSpecification","valueRequired":true,"valueName":"search_term_string"}}],"inLanguage":"fr-FR"},{"@type":"Organization","@id":"https:\/\/www.buzon-home.com\/fr\/#organization","name":"Buzon Home","url":"https:\/\/www.buzon-home.com\/fr\/","logo":{"@type":"ImageObject","inLanguage":"fr-FR","@id":"https:\/\/www.buzon-home.com\/fr\/#\/schema\/logo\/image\/","url":"https:\/\/www.buzon-home.com\/wp-content\/uploads\/2023\/11\/logo_email.png","contentUrl":"https:\/\/www.buzon-home.com\/wp-content\/uploads\/2023\/11\/logo_email.png","width":246,"height":216,"caption":"Buzon Home"},"image":{"@id":"https:\/\/www.buzon-home.com\/fr\/#\/schema\/logo\/image\/"},"sameAs":["https:\/\/www.facebook.com\/profile.php?id=61555939209111"]}]}},"_links":{"self":[{"href":"https:\/\/www.buzon-home.com\/fr\/wp-json\/wp\/v2\/pages\/7833","targetHints":{"allow":["GET"]}}],"collection":[{"href":"https:\/\/www.buzon-home.com\/fr\/wp-json\/wp\/v2\/pages"}],"about":[{"href":"https:\/\/www.buzon-home.com\/fr\/wp-json\/wp\/v2\/types\/page"}],"author":[{"embeddable":true,"href":"https:\/\/www.buzon-home.com\/fr\/wp-json\/wp\/v2\/users\/1"}],"replies":[{"embeddable":true,"href":"https:\/\/www.buzon-home.com\/fr\/wp-json\/wp\/v2\/comments?post=7833"}],"version-history":[{"count":2,"href":"https:\/\/www.buzon-home.com\/fr\/wp-json\/wp\/v2\/pages\/7833\/revisions"}],"predecessor-version":[{"id":7906,"href":"https:\/\/www.buzon-home.com\/fr\/wp-json\/wp\/v2\/pages\/7833\/revisions\/7906"}],"wp:attachment":[{"href":"https:\/\/www.buzon-home.com\/fr\/wp-json\/wp\/v2\/media?parent=7833"}],"curies":[{"name":"wp","href":"https:\/\/api.w.org\/{rel}","templated":true}]}}